{"id":288,"date":"2017-03-23T18:50:44","date_gmt":"2017-03-23T17:50:44","guid":{"rendered":"http:\/\/www.shiva-basar.de\/shop\/?post_type=product&#038;p=288"},"modified":"2021-01-03T16:54:14","modified_gmt":"2021-01-03T15:54:14","slug":"gebetsmuehle-mani-muehle-aus-nepal-20cmlaenge-mit-holzgriff","status":"publish","type":"product","link":"https:\/\/shiva-basar.de\/shop\/shop\/gebetsmuehlen\/gebetsmuehle-mani-muehle-aus-nepal-20cmlaenge-mit-holzgriff\/","title":{"rendered":"Gebetsm\u00fchle, Mani M\u00fchle aus Nepal, 20cmL\u00e4nge mit Holzgriff"},"content":{"rendered":"<h2>Mani M\u00fchle aus Nepal mit Holzgriff 20cm lang<\/h2>\n<p>Diese wundersch\u00f6ne Mani M\u00fchle mit\u00a0 einer Trommel aus Messing und Kupfer ist zus\u00e4tzlich mit T\u00fcrkisen und Coralle besetzt und besitzt hervorragende Dreheigenschaften.<\/p>\n<ul>\n<li><strong>Gebetsm\u00fchle aus Nepal<\/strong><\/li>\n<li><strong>Griff aus Holz<\/strong><\/li>\n<li><strong>Trommel aus Messing und Kupfer<\/strong><\/li>\n<li><strong>besetzt mit T\u00fcrkisen und Coralle<\/strong><\/li>\n<li><strong>Gesamtl\u00e4nge20 cm<\/strong><\/li>\n<li><strong>Trommel: H\u00f6he 6cm, breite 4cm<\/strong><\/li>\n<\/ul>\n<h4>Teile dieses Produkt mit anderen und folge uns:<\/h4>\n<div class=\"sfsi_widget sfsi_shortcode_container\"><div class=\"norm_row sfsi_wDiv \"  style=\"width:225px;text-align:left;\"><div style='width:40px; height:40px;margin-left:5px;margin-bottom:5px; ' class='sfsi_wicons shuffeldiv ' ><div class='inerCnt'><a class=' sficn' data-effect='scale' target='_blank'  href='https:\/\/shiva-basar.de\/shop\/feed\/' id='sfsiid_rss_icon' style='width:40px;height:40px;opacity:1;'  ><img data-pin-nopin='true' alt='RSS' title='RSS' src='https:\/\/shiva-basar.de\/shop\/wp-content\/plugins\/ultimate-social-media-icons\/images\/icons_theme\/cute\/cute_rss.png' width='40' height='40' style='' class='sfcm sfsi_wicon ' data-effect='scale'   \/><\/a><\/div><\/div><div style='width:40px; height:40px;margin-left:5px;margin-bottom:5px; ' class='sfsi_wicons shuffeldiv ' ><div class='inerCnt'><a class=' sficn' data-effect='scale' target='_blank'  href='http:\/\/www.specificfeeds.com\/widgets\/emailSubscribeEncFeed\/UjhwYlU3cnVIdnZPclRhS2RkRG56aTFjOFptcy9mZVgzOStkVE96UXoyV0JiYXduc2VxcldSbnhkYWpPaUpVMWxyMy9FOEpwNWt3N1hWUExvT2l0N1pHa2JWTlV5VjJsejB5WitIbU9wR2tVd3BzOEFFeEQxSWh5YzVTcXdkczB8Qk50L2VSWUd3SGgrTVFlcUw2T0VQbFJCUlJDNU1zZGhPYXExOXNJRHdGMD0=\/OA==\/' id='sfsiid_email_icon' style='width:40px;height:40px;opacity:1;'  ><img data-pin-nopin='true' alt='Follow by Email' title='Follow by Email' src='https:\/\/shiva-basar.de\/shop\/wp-content\/plugins\/ultimate-social-media-icons\/images\/icons_theme\/cute\/cute_email.png' width='40' height='40' style='' class='sfcm sfsi_wicon ' data-effect='scale'   \/><\/a><\/div><\/div><div style='width:40px; height:40px;margin-left:5px;margin-bottom:5px; ' class='sfsi_wicons shuffeldiv ' ><div class='inerCnt'><a class=' sficn' data-effect='scale' target='_blank'  href='' id='sfsiid_facebook_icon' style='width:40px;height:40px;opacity:1;'  ><img data-pin-nopin='true' alt='Facebook' title='Facebook' src='https:\/\/shiva-basar.de\/shop\/wp-content\/plugins\/ultimate-social-media-icons\/images\/icons_theme\/cute\/cute_facebook.png' width='40' height='40' style='' class='sfcm sfsi_wicon ' data-effect='scale'   \/><\/a><div class=\"sfsi_tool_tip_2 fb_tool_bdr sfsiTlleft\" style=\"opacity:0;z-index:-1;\" id=\"sfsiid_facebook\"><span class=\"bot_arow bot_fb_arow\"><\/span><div class=\"sfsi_inside\"><div  class='icon2'><div class=\"fb-like\" data-href=\"https:\/\/shiva-basar.de\/shop\/wp-json\/wp\/v2\/product\/288\" data-layout=\"button\" data-action=\"like\" data-show-faces=\"false\" data-share=\"true\"><\/div><\/div><div  class='icon3'><a target='_blank' href='https:\/\/www.facebook.com\/sharer\/sharer.php?u=https:\/\/shiva-basar.de\/shop\/wp-json\/wp\/v2\/product\/288' style='display:inline-block;'  > <img class='sfsi_wicon'  data-pin-nopin='true' alt='fb-share-icon' title='Facebook Share' src='https:\/\/shiva-basar.de\/shop\/wp-content\/plugins\/ultimate-social-media-icons\/images\/share_icons\/fb_icons\/en_US.svg' \/><\/a><\/div><\/div><\/div><\/div><\/div><div style='width:40px; height:40px;margin-left:5px;margin-bottom:5px; ' class='sfsi_wicons shuffeldiv ' ><div class='inerCnt'><a class=' sficn' data-effect='scale' target='_blank'  href='' id='sfsiid_twitter_icon' style='width:40px;height:40px;opacity:1;'  ><img data-pin-nopin='true' alt='Twitter' title='Twitter' src='https:\/\/shiva-basar.de\/shop\/wp-content\/plugins\/ultimate-social-media-icons\/images\/icons_theme\/cute\/cute_twitter.png' width='40' height='40' style='' class='sfcm sfsi_wicon ' data-effect='scale'   \/><\/a><div class=\"sfsi_tool_tip_2 twt_tool_bdr sfsiTlleft\" style=\"opacity:0;z-index:-1;\" id=\"sfsiid_twitter\"><span class=\"bot_arow bot_twt_arow\"><\/span><div class=\"sfsi_inside\"><div  class='icon2'><div class='sf_twiter' style='display: inline-block;vertical-align: middle;width: auto;'>\r\n\t\t\t\t\t\t<a target='_blank' href='https:\/\/twitter.com\/intent\/tweet?text=Hey%2C+check+out+this+cool+site+I+found%3A+www.yourname.com+%23Topic+via%40my_twitter_name+https:\/\/shiva-basar.de\/shop\/wp-json\/wp\/v2\/product\/288' style='display:inline-block' >\r\n\t\t\t\t\t\t\t<img data-pin-nopin= true class='sfsi_wicon' src='https:\/\/shiva-basar.de\/shop\/wp-content\/plugins\/ultimate-social-media-icons\/images\/share_icons\/Twitter_Tweet\/en_US_Tweet.svg' alt='Tweet' title='Tweet' >\r\n\t\t\t\t\t\t<\/a>\r\n\t\t\t\t\t<\/div><\/div><\/div><\/div><\/div><\/div><div style='width:40px; height:40px;margin-left:5px;margin-bottom:5px; ' class='sfsi_wicons shuffeldiv ' ><div class='inerCnt'><a class=' sficn' data-effect='scale' target='_blank'  href='' id='sfsiid_pinterest_icon' style='width:40px;height:40px;opacity:1;'  ><img data-pin-nopin='true' alt='Pinterest' title='Pinterest' src='https:\/\/shiva-basar.de\/shop\/wp-content\/plugins\/ultimate-social-media-icons\/images\/icons_theme\/cute\/cute_pinterest.png' width='40' height='40' style='' class='sfcm sfsi_wicon ' data-effect='scale'   \/><\/a><div class=\"sfsi_tool_tip_2 printst_tool_bdr sfsiTlleft\" style=\"opacity:0;z-index:-1;\" id=\"sfsiid_pinterest\"><span class=\"bot_arow bot_pintst_arow\"><\/span><div class=\"sfsi_inside\"><div  class='icon2'><a href='#' onclick='sfsi_pinterest_modal_images(event)' class='sfsi_pinterest_sm_click' style='display:inline-block;'><img class='sfsi_wicon' data-pin-nopin='true' alt='fb-share-icon' title='Pin Share' src='https:\/\/shiva-basar.de\/shop\/wp-content\/plugins\/ultimate-social-media-icons\/images\/share_icons\/Pinterest_Save\/en_US_save.svg' \/><\/a><\/div><\/div><\/div><\/div><\/div><\/div ><div id=\"sfsi_holder\" class=\"sfsi_holders\" style=\"position: relative; float: left;width:100%;z-index:-1;\"><\/div ><script>window.addEventListener(\"sfsi_functions_loaded\", function()\n\t\t\t{\n\t\t\t\tif (typeof sfsi_widget_set == \"function\") {\n\t\t\t\t\tsfsi_widget_set();\n\t\t\t\t}\n\t\t\t}); <\/script><div style=\"clear: both;\"><\/div><\/div>\n<p>Die <strong>Gebetsm\u00fchle<\/strong> oder Mani-M\u00fchle oder auch Mani-Rad besteht aus einer<br \/>\nmit Mantras verzierten Walze, die im Inneren mit einem Gebet auf einer Papierrolle gef\u00fcllt ist.<\/p>\n<p>Im tibetischen Buddhismus wird durch das Drehen der Gebetsm\u00fchle im Uhrzeigersinn geistig-spirituelle Inhalte<br \/>\nmit k\u00f6rperlicher Aktivit\u00e4t verkn\u00fcpft.<\/p>\n<p>Die Motivation besteht darin, bei Drehung der Mani M\u00fchle zu visualisieren (geistig zu projizieren),<br \/>\ndass alle darin enthaltenen Gebete w\u00e4hrend des Drehens Licht zu allen f\u00fchlen<\/p>\n","protected":false},"excerpt":{"rendered":"<p>Mani M\u00fchle aus Nepal mit Holzgriff 20cm lang Diese wundersch\u00f6ne Mani M\u00fchle mit\u00a0 einer Trommel aus Messing und Kupfer ist zus\u00e4tzlich mit T\u00fcrkisen und Coralle besetzt und besitzt hervorragende Dreheigenschaften. Gebetsm\u00fchle aus Nepal Griff aus Holz Trommel aus Messing und Kupfer besetzt mit T\u00fcrkisen und Coralle Gesamtl\u00e4nge20 cm Trommel: H\u00f6he 6cm, breite 4cm Teile dieses [&hellip;]<\/p>\n","protected":false},"featured_media":289,"comment_status":"open","ping_status":"closed","template":"","meta":[],"_links":{"self":[{"href":"https:\/\/shiva-basar.de\/shop\/wp-json\/wp\/v2\/product\/288"}],"collection":[{"href":"https:\/\/shiva-basar.de\/shop\/wp-json\/wp\/v2\/product"}],"about":[{"href":"https:\/\/shiva-basar.de\/shop\/wp-json\/wp\/v2\/types\/product"}],"replies":[{"embeddable":true,"href":"https:\/\/shiva-basar.de\/shop\/wp-json\/wp\/v2\/comments?post=288"}],"wp:featuredmedia":[{"embeddable":true,"href":"https:\/\/shiva-basar.de\/shop\/wp-json\/wp\/v2\/media\/289"}],"wp:attachment":[{"href":"https:\/\/shiva-basar.de\/shop\/wp-json\/wp\/v2\/media?parent=288"}],"curies":[{"name":"wp","href":"https:\/\/api.w.org\/{rel}","templated":true}]}}