{"id":652,"date":"2020-10-18T19:21:55","date_gmt":"2020-10-18T17:21:55","guid":{"rendered":"https:\/\/shiva-basar.de\/shop\/?post_type=product&#038;p=652"},"modified":"2025-02-27T08:23:36","modified_gmt":"2025-02-27T07:23:36","slug":"mund-nasenschutzmaske-pm2-5-weihnachtsedition-5-designs","status":"publish","type":"product","link":"https:\/\/shiva-basar.de\/shop\/shop\/mund-nasenschutz-masken\/mund-nasenschutzmaske-pm2-5-weihnachtsedition-5-designs\/","title":{"rendered":"Mund-Nasenschutzmaske  PM2.5 Weihnachtsedition (5 Designs) inkl. PM2.5 Filtereinsatz versandkostenfrei in DE"},"content":{"rendered":"<h1>Mund-Nasenschutz Maske Weihnachten, versandkostenfrei in DE<\/h1>\n<p>mit diesen Mund-Nasenschutzmasken wird die Weihnachtszeit trotz Covid-19 stimmungsvoll.<br \/>\nDie Mundschutzmasken gibt es in 5 verschiedenen Designs, haben verstellbare Gummib\u00e4nder und sind nat\u00fcrlich waschbar und somit wiederverwendbar.<br \/>\nWir empfehlen zum Waschen einen W\u00e4sche-hygienesp\u00fcler, z.b. Sakrotan Desinfektion<\/p>\n<p>In der Innenseite haben diese Masken eine Tasche, um passende PM2.5 Filtereinlagen zu benutzen. Eine Filtereinlage liegt jeder Maske bei.<br \/>\nDadurch sch\u00fctzen nicht nur andere Personen, sondern auch sich selbst.<\/p>\n<p>&nbsp;<\/p>\n<ul>\n<li style=\"list-style-type: none;\">\n<ul>\n<li>gro\u00dfe Stoffmaske ca. 12,5cm hoch, 20cm breit<\/li>\n<li>verstellbare Gummib\u00e4nder f\u00fcr einen optimalen Sitz hinter den Ohren<\/li>\n<li>Einsparung f\u00fcr PM2.5 Filtereins\u00e4tze<\/li>\n<li>inkl. PM2.5 Filtereinsatz<\/li>\n<\/ul>\n<\/li>\n<\/ul>\n<p><br class=\"\u201cclear\u201d\" \/><\/p>\n<h4>Teile dieses Produkt mit anderen und folge uns:<\/h4>\n<div class=\"sfsi_widget sfsi_shortcode_container\"><div class=\"norm_row sfsi_wDiv \"  style=\"width:225px;text-align:left;\"><div style='width:40px; height:40px;margin-left:5px;margin-bottom:5px; ' class='sfsi_wicons shuffeldiv ' ><div class='inerCnt'><a class=' sficn' data-effect='scale' target='_blank'  href='https:\/\/shiva-basar.de\/shop\/feed\/' id='sfsiid_rss_icon' style='width:40px;height:40px;opacity:1;'  ><img data-pin-nopin='true' alt='RSS' title='RSS' src='https:\/\/shiva-basar.de\/shop\/wp-content\/plugins\/ultimate-social-media-icons\/images\/icons_theme\/cute\/cute_rss.png' width='40' height='40' style='' class='sfcm sfsi_wicon ' data-effect='scale'   \/><\/a><\/div><\/div><div style='width:40px; height:40px;margin-left:5px;margin-bottom:5px; ' class='sfsi_wicons shuffeldiv ' ><div class='inerCnt'><a class=' sficn' data-effect='scale' target='_blank'  href='http:\/\/www.specificfeeds.com\/widgets\/emailSubscribeEncFeed\/UjhwYlU3cnVIdnZPclRhS2RkRG56aTFjOFptcy9mZVgzOStkVE96UXoyV0JiYXduc2VxcldSbnhkYWpPaUpVMWxyMy9FOEpwNWt3N1hWUExvT2l0N1pHa2JWTlV5VjJsejB5WitIbU9wR2tVd3BzOEFFeEQxSWh5YzVTcXdkczB8Qk50L2VSWUd3SGgrTVFlcUw2T0VQbFJCUlJDNU1zZGhPYXExOXNJRHdGMD0=\/OA==\/' id='sfsiid_email_icon' style='width:40px;height:40px;opacity:1;'  ><img data-pin-nopin='true' alt='Follow by Email' title='Follow by Email' src='https:\/\/shiva-basar.de\/shop\/wp-content\/plugins\/ultimate-social-media-icons\/images\/icons_theme\/cute\/cute_email.png' width='40' height='40' style='' class='sfcm sfsi_wicon ' data-effect='scale'   \/><\/a><\/div><\/div><div style='width:40px; height:40px;margin-left:5px;margin-bottom:5px; ' class='sfsi_wicons shuffeldiv ' ><div class='inerCnt'><a class=' sficn' data-effect='scale' target='_blank'  href='' id='sfsiid_facebook_icon' style='width:40px;height:40px;opacity:1;'  ><img data-pin-nopin='true' alt='Facebook' title='Facebook' src='https:\/\/shiva-basar.de\/shop\/wp-content\/plugins\/ultimate-social-media-icons\/images\/icons_theme\/cute\/cute_facebook.png' width='40' height='40' style='' class='sfcm sfsi_wicon ' data-effect='scale'   \/><\/a><div class=\"sfsi_tool_tip_2 fb_tool_bdr sfsiTlleft\" style=\"opacity:0;z-index:-1;\" id=\"sfsiid_facebook\"><span class=\"bot_arow bot_fb_arow\"><\/span><div class=\"sfsi_inside\"><div  class='icon2'><div class=\"fb-like\" data-href=\"https:\/\/shiva-basar.de\/shop\/wp-json\/wp\/v2\/product\/652\" data-layout=\"button\" data-action=\"like\" data-show-faces=\"false\" data-share=\"true\"><\/div><\/div><div  class='icon3'><a target='_blank' href='https:\/\/www.facebook.com\/sharer\/sharer.php?u=https:\/\/shiva-basar.de\/shop\/wp-json\/wp\/v2\/product\/652' style='display:inline-block;'  > <img class='sfsi_wicon'  data-pin-nopin='true' alt='fb-share-icon' title='Facebook Share' src='https:\/\/shiva-basar.de\/shop\/wp-content\/plugins\/ultimate-social-media-icons\/images\/share_icons\/fb_icons\/en_US.svg' \/><\/a><\/div><\/div><\/div><\/div><\/div><div style='width:40px; height:40px;margin-left:5px;margin-bottom:5px; ' class='sfsi_wicons shuffeldiv ' ><div class='inerCnt'><a class=' sficn' data-effect='scale' target='_blank'  href='' id='sfsiid_twitter_icon' style='width:40px;height:40px;opacity:1;'  ><img data-pin-nopin='true' alt='Twitter' title='Twitter' src='https:\/\/shiva-basar.de\/shop\/wp-content\/plugins\/ultimate-social-media-icons\/images\/icons_theme\/cute\/cute_twitter.png' width='40' height='40' style='' class='sfcm sfsi_wicon ' data-effect='scale'   \/><\/a><div class=\"sfsi_tool_tip_2 twt_tool_bdr sfsiTlleft\" style=\"opacity:0;z-index:-1;\" id=\"sfsiid_twitter\"><span class=\"bot_arow bot_twt_arow\"><\/span><div class=\"sfsi_inside\"><div  class='icon2'><div class='sf_twiter' style='display: inline-block;vertical-align: middle;width: auto;'>\r\n\t\t\t\t\t\t<a target='_blank' href='https:\/\/twitter.com\/intent\/tweet?text=Hey%2C+check+out+this+cool+site+I+found%3A+www.yourname.com+%23Topic+via%40my_twitter_name+https:\/\/shiva-basar.de\/shop\/wp-json\/wp\/v2\/product\/652' style='display:inline-block' >\r\n\t\t\t\t\t\t\t<img data-pin-nopin= true class='sfsi_wicon' src='https:\/\/shiva-basar.de\/shop\/wp-content\/plugins\/ultimate-social-media-icons\/images\/share_icons\/Twitter_Tweet\/en_US_Tweet.svg' alt='Tweet' title='Tweet' >\r\n\t\t\t\t\t\t<\/a>\r\n\t\t\t\t\t<\/div><\/div><\/div><\/div><\/div><\/div><div style='width:40px; height:40px;margin-left:5px;margin-bottom:5px; ' class='sfsi_wicons shuffeldiv ' ><div class='inerCnt'><a class=' sficn' data-effect='scale' target='_blank'  href='' id='sfsiid_pinterest_icon' style='width:40px;height:40px;opacity:1;'  ><img data-pin-nopin='true' alt='Pinterest' title='Pinterest' src='https:\/\/shiva-basar.de\/shop\/wp-content\/plugins\/ultimate-social-media-icons\/images\/icons_theme\/cute\/cute_pinterest.png' width='40' height='40' style='' class='sfcm sfsi_wicon ' data-effect='scale'   \/><\/a><div class=\"sfsi_tool_tip_2 printst_tool_bdr sfsiTlleft\" style=\"opacity:0;z-index:-1;\" id=\"sfsiid_pinterest\"><span class=\"bot_arow bot_pintst_arow\"><\/span><div class=\"sfsi_inside\"><div  class='icon2'><a href='#' onclick='sfsi_pinterest_modal_images(event)' class='sfsi_pinterest_sm_click' style='display:inline-block;'><img class='sfsi_wicon' data-pin-nopin='true' alt='fb-share-icon' title='Pin Share' src='https:\/\/shiva-basar.de\/shop\/wp-content\/plugins\/ultimate-social-media-icons\/images\/share_icons\/Pinterest_Save\/en_US_save.svg' \/><\/a><\/div><\/div><\/div><\/div><\/div><\/div ><div id=\"sfsi_holder\" class=\"sfsi_holders\" style=\"position: relative; float: left;width:100%;z-index:-1;\"><\/div ><script>window.addEventListener(\"sfsi_functions_loaded\", function()\n\t\t\t{\n\t\t\t\tif (typeof sfsi_widget_set == \"function\") {\n\t\t\t\t\tsfsi_widget_set();\n\t\t\t\t}\n\t\t\t}); <\/script><div style=\"clear: both;\"><\/div><\/div>\n<p> <br class=\"clear\" \/><br \/>\n <br class=\"clear\" \/><\/p>\n<h4>Nicht das Passende gefunden?<\/h4>\n<p><a class=\"maxbutton-2 maxbutton maxbutton-mundschutzmasken\" title=\"Zur\u00fcck zur Kategorie\" href=\"https:\/\/shiva-basar.de\/shop\/produkt-kategorie\/mund-nasenschutz-masken\/\"><span class='mb-text'>Alle Mundschutzmasken<\/span><\/a> <a class=\"maxbutton-1 maxbutton maxbutton-back-to-categories\" title=\"Weiter shoppen\" href=\"https:\/\/shiva-basar.de\/shop\/shop\/\"><span class='mb-text'>Alle Kategorien<\/span><\/a><\/p>\n","protected":false},"excerpt":{"rendered":"<p>Mund-Nasenschutz Maske Weihnachten, versandkostenfrei in DE mit diesen Mund-Nasenschutzmasken wird die Weihnachtszeit trotz Covid-19 stimmungsvoll. Die Mundschutzmasken gibt es in 5 verschiedenen Designs, haben verstellbare Gummib\u00e4nder und sind nat\u00fcrlich waschbar und somit wiederverwendbar. Wir empfehlen zum Waschen einen W\u00e4sche-hygienesp\u00fcler, z.b. Sakrotan Desinfektion In der Innenseite haben diese Masken eine Tasche, um passende PM2.5 Filtereinlagen zu [&hellip;]<\/p>\n","protected":false},"featured_media":653,"comment_status":"open","ping_status":"closed","template":"","meta":[],"_links":{"self":[{"href":"https:\/\/shiva-basar.de\/shop\/wp-json\/wp\/v2\/product\/652"}],"collection":[{"href":"https:\/\/shiva-basar.de\/shop\/wp-json\/wp\/v2\/product"}],"about":[{"href":"https:\/\/shiva-basar.de\/shop\/wp-json\/wp\/v2\/types\/product"}],"replies":[{"embeddable":true,"href":"https:\/\/shiva-basar.de\/shop\/wp-json\/wp\/v2\/comments?post=652"}],"wp:featuredmedia":[{"embeddable":true,"href":"https:\/\/shiva-basar.de\/shop\/wp-json\/wp\/v2\/media\/653"}],"wp:attachment":[{"href":"https:\/\/shiva-basar.de\/shop\/wp-json\/wp\/v2\/media?parent=652"}],"curies":[{"name":"wp","href":"https:\/\/api.w.org\/{rel}","templated":true}]}}